{"id":8,"date":"2026-02-02T16:45:00","date_gmt":"2026-02-02T16:45:00","guid":{"rendered":"https:\/\/phongtranks205.id.vn\/?page_id=8"},"modified":"2026-02-02T17:27:34","modified_gmt":"2026-02-02T17:27:34","slug":"gio-hang","status":"publish","type":"page","link":"https:\/\/phongtranks205.id.vn\/?page_id=8","title":{"rendered":"Gi\u1ecf h\u00e0ng"},"content":{"rendered":"\n<div data-block-name=\"woocommerce\/cart\" class=\"wp-block-woocommerce-cart alignwide is-loading\">\n<div data-block-name=\"woocommerce\/filled-cart-block\" class=\"wp-block-woocommerce-filled-cart-block\">\n<div data-block-name=\"woocommerce\/cart-items-block\" class=\"wp-block-woocommerce-cart-items-block\">\n<div data-block-name=\"woocommerce\/cart-line-items-block\" class=\"wp-block-woocommerce-cart-line-items-block\"><\/div>\n\n\n<\/div>\n\n\n\n\n<div data-block-name=\"woocommerce\/cart-totals-block\" class=\"wp-block-woocommerce-cart-totals-block\">\n<div data-block-name=\"woocommerce\/cart-order-summary-block\" class=\"wp-block-woocommerce-cart-order-summary-block\">\n<div data-block-name=\"woocommerce\/cart-order-summary-heading-block\" class=\"wp-block-woocommerce-cart-order-summary-heading-block\"><\/div><div data-block-name=\"woocommerce\/cart-order-summary-coupon-form-block\" class=\"wp-block-woocommerce-cart-order-summary-coupon-form-block\"><\/div><div data-block-name=\"woocommerce\/cart-order-summary-totals-block\" class=\"wp-block-woocommerce-cart-order-summary-totals-block\">\n<div data-block-name=\"woocommerce\/cart-order-summary-subtotal-block\" class=\"wp-block-woocommerce-cart-order-summary-subtotal-block\"><\/div>\n<div data-block-name=\"woocommerce\/cart-order-summary-discount-block\" class=\"wp-block-woocommerce-cart-order-summary-discount-block\"><\/div>\n<div data-block-name=\"woocommerce\/cart-order-summary-fee-block\" class=\"wp-block-woocommerce-cart-order-summary-fee-block\"><\/div>\n<div data-block-name=\"woocommerce\/cart-order-summary-shipping-block\" class=\"wp-block-woocommerce-cart-order-summary-shipping-block\"><\/div>\n<div data-block-name=\"woocommerce\/cart-order-summary-taxes-block\" class=\"wp-block-woocommerce-cart-order-summary-taxes-block\"><\/div><\/div>\n<\/div>\n\n\n\n<div data-block-name=\"woocommerce\/cart-express-payment-block\" class=\"wp-block-woocommerce-cart-express-payment-block\"><\/div>\n\n\n\n<div data-block-name=\"woocommerce\/proceed-to-checkout-block\" class=\"wp-block-woocommerce-proceed-to-checkout-block\"><\/div>\n<div id=\"ppcp-recaptcha-v2-container\" style=\"margin:20px 0;\"><\/div>\n\n\n<div data-block-name=\"woocommerce\/cart-accepted-payment-methods-block\" class=\"wp-block-woocommerce-cart-accepted-payment-methods-block\"><\/div>\n<\/div>\n<\/div>\n\n\n\n<div data-block-name=\"woocommerce\/empty-cart-block\" class=\"wp-block-woocommerce-empty-cart-block\">\n<h2 class=\"wp-block-heading has-text-align-center with-empty-cart-icon wc-block-cart__empty-cart__title\">Gi\u1ecf h\u00e0ng hi\u1ec7n t\u1ea1i ch\u01b0a c\u00f3 s\u1ea3n ph\u1ea9m n\u00e0o!<\/h2>\n\n\n\n<hr class=\"wp-block-separator has-alpha-channel-opacity is-style-dots\"\/>\n\n\n\n<h2 class=\"wp-block-heading has-text-align-center\">M\u1edbi trong c\u1eeda h\u00e0ng<\/h2>\n\n\n<div data-block-name=\"woocommerce\/product-new\" data-columns=\"4\" data-rows=\"1\" class=\"wc-block-grid wp-block-product-new wp-block-woocommerce-product-new wc-block-product-new has-4-columns\"><ul class=\"wc-block-grid__products\"><li class=\"wc-block-grid__product product-grid \">\n\t\t\t\t<div class=\"loop-image-wrap botiga-add-to-cart-button-layout3\">\n\t\t\t\t\t<a href=\"https:\/\/phongtranks205.id.vn\/?product=cay-bang-singapore-mini-de-ban-tieu-canh-uyen-uong-lyra035\" class=\"wc-block-grid__product-link\" title=\"\u0110\u1ecdc ti\u1ebfp\">\n\t\t\t\t\t\t<div class=\"wc-block-grid__product-image\"><img loading=\"lazy\" decoding=\"async\" width=\"420\" height=\"420\" src=\"https:\/\/phongtranks205.id.vn\/wp-content\/uploads\/2026\/02\/cay-bang-singapore-tieu-canh-800x960-1-420x420.jpg\" class=\"attachment-woocommerce_thumbnail size-woocommerce_thumbnail\" alt=\"C\u00e2y b\u00e0ng Singapore mini \u0111\u1ec3 b\u00e0n ti\u1ec3u c\u1ea3nh Uy\u00ean \u01af\u01a1ng LYRA035\" srcset=\"https:\/\/phongtranks205.id.vn\/wp-content\/uploads\/2026\/02\/cay-bang-singapore-tieu-canh-800x960-1-420x420.jpg 420w, https:\/\/phongtranks205.id.vn\/wp-content\/uploads\/2026\/02\/cay-bang-singapore-tieu-canh-800x960-1-150x150.jpg 150w, https:\/\/phongtranks205.id.vn\/wp-content\/uploads\/2026\/02\/cay-bang-singapore-tieu-canh-800x960-1-100x100.jpg 100w\" sizes=\"auto, (max-width: 420px) 100vw, 420px\" \/><\/div>\n\t\t\t\t\t<\/a><div class=\"loop-button-wrap button-width-auto button-layout3 \"><a href=\"https:\/\/phongtranks205.id.vn\/?product=cay-bang-singapore-mini-de-ban-tieu-canh-uyen-uong-lyra035\" aria-label=\"\u0110\u1ecdc th\u00eam v\u1ec1 &ldquo;C\u00e2y b\u00e0ng Singapore mini \u0111\u1ec3 b\u00e0n ti\u1ec3u c\u1ea3nh Uy\u00ean \u01af\u01a1ng LYRA035&rdquo;\" data-quantity=\"1\" data-product_id=\"83\" data-product_sku=\"\" rel=\"nofollow\" class=\"button wp-block-button__link add_to_cart_button\">\u0110\u1ecdc ti\u1ebfp<\/a><\/div><\/div><a href=\"https:\/\/phongtranks205.id.vn\/?product=cay-bang-singapore-mini-de-ban-tieu-canh-uyen-uong-lyra035\" class=\"wc-block-grid__product-link\">\n\t\t\t\t\t<div class=\"wc-block-grid__product-title\">C\u00e2y b\u00e0ng Singapore mini \u0111\u1ec3 b\u00e0n ti\u1ec3u c\u1ea3nh Uy\u00ean \u01af\u01a1ng LYRA035<\/div>\n\t\t\t\t<\/a><div class=\"wc-block-grid__product-price price\"><span class=\"woocommerce-Price-amount amount\">250.000&nbsp;<span class=\"woocommerce-Price-currencySymbol\">&#8363;<\/span><\/span><\/div><\/li><li class=\"wc-block-grid__product product-grid \">\n\t\t\t\t<div class=\"loop-image-wrap botiga-add-to-cart-button-layout3\">\n\t\t\t\t\t<a href=\"https:\/\/phongtranks205.id.vn\/?product=cay-sen-da-mix-chau-lu-be-dat-nung-scmi001\" class=\"wc-block-grid__product-link\" title=\"Th\u00eam v\u00e0o gi\u1ecf h\u00e0ng\">\n\t\t\t\t\t\t<div class=\"wc-block-grid__product-image\"><img loading=\"lazy\" decoding=\"async\" width=\"420\" height=\"420\" src=\"https:\/\/phongtranks205.id.vn\/wp-content\/uploads\/2026\/02\/sen-da-mix-chau-lu-dat-nung-1-800x960-1-420x420.jpg\" class=\"attachment-woocommerce_thumbnail size-woocommerce_thumbnail\" alt=\"C\u00e2y sen \u0111\u00e1 mix ch\u1eadu lu b\u1ec3 \u0111\u1ea5t nung SCMI001\" srcset=\"https:\/\/phongtranks205.id.vn\/wp-content\/uploads\/2026\/02\/sen-da-mix-chau-lu-dat-nung-1-800x960-1-420x420.jpg 420w, https:\/\/phongtranks205.id.vn\/wp-content\/uploads\/2026\/02\/sen-da-mix-chau-lu-dat-nung-1-800x960-1-150x150.jpg 150w, https:\/\/phongtranks205.id.vn\/wp-content\/uploads\/2026\/02\/sen-da-mix-chau-lu-dat-nung-1-800x960-1-100x100.jpg 100w\" sizes=\"auto, (max-width: 420px) 100vw, 420px\" \/><\/div>\n\t\t\t\t\t<\/a><div class=\"loop-button-wrap button-width-auto button-layout3 \"><a href=\"\/index.php?rest_route=%2Fwp%2Fv2%2Fpages%2F8&#038;add-to-cart=80\" aria-label=\"Th\u00eam v\u00e0o gi\u1ecf h\u00e0ng: &ldquo;C\u00e2y sen \u0111\u00e1 mix ch\u1eadu lu b\u1ec3 \u0111\u1ea5t nung SCMI001&rdquo;\" data-quantity=\"1\" data-product_id=\"80\" data-product_sku=\"\" rel=\"nofollow\" class=\"button wp-block-button__link add_to_cart_button ajax_add_to_cart\">Th\u00eam v\u00e0o gi\u1ecf h\u00e0ng<\/a><\/div><\/div><a href=\"https:\/\/phongtranks205.id.vn\/?product=cay-sen-da-mix-chau-lu-be-dat-nung-scmi001\" class=\"wc-block-grid__product-link\">\n\t\t\t\t\t<div class=\"wc-block-grid__product-title\">C\u00e2y sen \u0111\u00e1 mix ch\u1eadu lu b\u1ec3 \u0111\u1ea5t nung SCMI001<\/div>\n\t\t\t\t<\/a><div class=\"wc-block-grid__product-price price\"><span class=\"woocommerce-Price-amount amount\">320.000&nbsp;<span class=\"woocommerce-Price-currencySymbol\">&#8363;<\/span><\/span><\/div><\/li><li class=\"wc-block-grid__product product-grid \">\n\t\t\t\t<div class=\"loop-image-wrap botiga-add-to-cart-button-layout3\">\n\t\t\t\t\t<a href=\"https:\/\/phongtranks205.id.vn\/?product=cay-sen-da-mix-chau-lu-be-dat-nung-scmi002\" class=\"wc-block-grid__product-link\" title=\"Th\u00eam v\u00e0o gi\u1ecf h\u00e0ng\">\n\t\t\t\t\t\t<div class=\"wc-block-grid__product-image\"><img loading=\"lazy\" decoding=\"async\" width=\"420\" height=\"420\" src=\"https:\/\/phongtranks205.id.vn\/wp-content\/uploads\/2026\/02\/sen-da-mix-chau-lu-dat-nung-nho-2-800x960-1-420x420.jpg\" class=\"attachment-woocommerce_thumbnail size-woocommerce_thumbnail\" alt=\"C\u00e2y sen \u0111\u00e1 mix ch\u1eadu lu b\u1ec3 \u0111\u1ea5t nung SCMI002\" srcset=\"https:\/\/phongtranks205.id.vn\/wp-content\/uploads\/2026\/02\/sen-da-mix-chau-lu-dat-nung-nho-2-800x960-1-420x420.jpg 420w, https:\/\/phongtranks205.id.vn\/wp-content\/uploads\/2026\/02\/sen-da-mix-chau-lu-dat-nung-nho-2-800x960-1-150x150.jpg 150w, https:\/\/phongtranks205.id.vn\/wp-content\/uploads\/2026\/02\/sen-da-mix-chau-lu-dat-nung-nho-2-800x960-1-100x100.jpg 100w\" sizes=\"auto, (max-width: 420px) 100vw, 420px\" \/><\/div>\n\t\t\t\t\t<\/a><div class=\"loop-button-wrap button-width-auto button-layout3 \"><a href=\"\/index.php?rest_route=%2Fwp%2Fv2%2Fpages%2F8&#038;add-to-cart=76\" aria-label=\"Th\u00eam v\u00e0o gi\u1ecf h\u00e0ng: &ldquo;C\u00e2y sen \u0111\u00e1 mix ch\u1eadu lu b\u1ec3 \u0111\u1ea5t nung SCMI002&rdquo;\" data-quantity=\"1\" data-product_id=\"76\" data-product_sku=\"\" rel=\"nofollow\" class=\"button wp-block-button__link add_to_cart_button ajax_add_to_cart\">Th\u00eam v\u00e0o gi\u1ecf h\u00e0ng<\/a><\/div><\/div><a href=\"https:\/\/phongtranks205.id.vn\/?product=cay-sen-da-mix-chau-lu-be-dat-nung-scmi002\" class=\"wc-block-grid__product-link\">\n\t\t\t\t\t<div class=\"wc-block-grid__product-title\">C\u00e2y sen \u0111\u00e1 mix ch\u1eadu lu b\u1ec3 \u0111\u1ea5t nung SCMI002<\/div>\n\t\t\t\t<\/a><div class=\"wc-block-grid__product-price price\"><span class=\"woocommerce-Price-amount amount\">280.000&nbsp;<span class=\"woocommerce-Price-currencySymbol\">&#8363;<\/span><\/span><\/div><\/li><li class=\"wc-block-grid__product product-grid \">\n\t\t\t\t<div class=\"loop-image-wrap botiga-add-to-cart-button-layout3\">\n\t\t\t\t\t<a href=\"https:\/\/phongtranks205.id.vn\/?product=cay-kim-giao-de-ban-tieu-canh-meo-chieu-tai-kigi001\" class=\"wc-block-grid__product-link\" title=\"Th\u00eam v\u00e0o gi\u1ecf h\u00e0ng\">\n\t\t\t\t\t\t<div class=\"wc-block-grid__product-image\"><img loading=\"lazy\" decoding=\"async\" width=\"420\" height=\"420\" src=\"https:\/\/phongtranks205.id.vn\/wp-content\/uploads\/2026\/02\/cay-kim-giao-tieu-canh-de-ban-2-800x960-1-420x420.jpg\" class=\"attachment-woocommerce_thumbnail size-woocommerce_thumbnail\" alt=\"C\u00e2y kim giao \u0111\u1ec3 b\u00e0n ti\u1ec3u c\u1ea3nh \u2018m\u00e8o chi\u00eau t\u00e0i\u2019 KIGI001\" srcset=\"https:\/\/phongtranks205.id.vn\/wp-content\/uploads\/2026\/02\/cay-kim-giao-tieu-canh-de-ban-2-800x960-1-420x420.jpg 420w, https:\/\/phongtranks205.id.vn\/wp-content\/uploads\/2026\/02\/cay-kim-giao-tieu-canh-de-ban-2-800x960-1-150x150.jpg 150w, https:\/\/phongtranks205.id.vn\/wp-content\/uploads\/2026\/02\/cay-kim-giao-tieu-canh-de-ban-2-800x960-1-100x100.jpg 100w\" sizes=\"auto, (max-width: 420px) 100vw, 420px\" \/><\/div>\n\t\t\t\t\t<\/a><div class=\"loop-button-wrap button-width-auto button-layout3 \"><a href=\"\/index.php?rest_route=%2Fwp%2Fv2%2Fpages%2F8&#038;add-to-cart=74\" aria-label=\"Th\u00eam v\u00e0o gi\u1ecf h\u00e0ng: &ldquo;C\u00e2y kim giao \u0111\u1ec3 b\u00e0n ti\u1ec3u c\u1ea3nh \u2018m\u00e8o chi\u00eau t\u00e0i\u2019 KIGI001&rdquo;\" data-quantity=\"1\" data-product_id=\"74\" data-product_sku=\"\" rel=\"nofollow\" class=\"button wp-block-button__link add_to_cart_button ajax_add_to_cart\">Th\u00eam v\u00e0o gi\u1ecf h\u00e0ng<\/a><\/div><\/div><a href=\"https:\/\/phongtranks205.id.vn\/?product=cay-kim-giao-de-ban-tieu-canh-meo-chieu-tai-kigi001\" class=\"wc-block-grid__product-link\">\n\t\t\t\t\t<div class=\"wc-block-grid__product-title\">C\u00e2y kim giao \u0111\u1ec3 b\u00e0n ti\u1ec3u c\u1ea3nh \u2018m\u00e8o chi\u00eau t\u00e0i\u2019 KIGI001<\/div>\n\t\t\t\t<\/a><div class=\"wc-block-grid__product-price price\"><span class=\"woocommerce-Price-amount amount\">360.000&nbsp;<span class=\"woocommerce-Price-currencySymbol\">&#8363;<\/span><\/span><\/div><\/li><\/ul><\/div><\/div>\n<\/div>\n","protected":false},"excerpt":{"rendered":"","protected":false},"author":1,"featured_media":0,"parent":0,"menu_order":0,"comment_status":"closed","ping_status":"closed","template":"","meta":{"footnotes":""},"class_list":["post-8","page","type-page","status-publish","hentry"],"jetpack_sharing_enabled":true,"_links":{"self":[{"href":"https:\/\/phongtranks205.id.vn\/index.php?rest_route=\/wp\/v2\/pages\/8","targetHints":{"allow":["GET"]}}],"collection":[{"href":"https:\/\/phongtranks205.id.vn\/index.php?rest_route=\/wp\/v2\/pages"}],"about":[{"href":"https:\/\/phongtranks205.id.vn\/index.php?rest_route=\/wp\/v2\/types\/page"}],"author":[{"embeddable":true,"href":"https:\/\/phongtranks205.id.vn\/index.php?rest_route=\/wp\/v2\/users\/1"}],"replies":[{"embeddable":true,"href":"https:\/\/phongtranks205.id.vn\/index.php?rest_route=%2Fwp%2Fv2%2Fcomments&post=8"}],"version-history":[{"count":1,"href":"https:\/\/phongtranks205.id.vn\/index.php?rest_route=\/wp\/v2\/pages\/8\/revisions"}],"predecessor-version":[{"id":60,"href":"https:\/\/phongtranks205.id.vn\/index.php?rest_route=\/wp\/v2\/pages\/8\/revisions\/60"}],"wp:attachment":[{"href":"https:\/\/phongtranks205.id.vn\/index.php?rest_route=%2Fwp%2Fv2%2Fmedia&parent=8"}],"curies":[{"name":"wp","href":"https:\/\/api.w.org\/{rel}","templated":true}]}}