{"id":76,"date":"2026-02-02T17:17:32","date_gmt":"2026-02-02T17:17:32","guid":{"rendered":"https:\/\/phongtranks205.id.vn\/?post_type=product&#038;p=76"},"modified":"2026-02-02T17:17:32","modified_gmt":"2026-02-02T17:17:32","slug":"cay-sen-da-mix-chau-lu-be-dat-nung-scmi002","status":"publish","type":"product","link":"https:\/\/phongtranks205.id.vn\/?product=cay-sen-da-mix-chau-lu-be-dat-nung-scmi002","title":{"rendered":"C\u00e2y sen \u0111\u00e1 mix ch\u1eadu lu b\u1ec3 \u0111\u1ea5t nung SCMI002"},"content":{"rendered":"","protected":false},"excerpt":{"rendered":"","protected":false},"featured_media":78,"comment_status":"open","ping_status":"closed","template":"","meta":[],"product_brand":[],"product_cat":[15],"product_tag":[],"class_list":{"0":"post-76","1":"product","2":"type-product","3":"status-publish","4":"has-post-thumbnail","6":"product_cat-chua-phan-loai","8":"first","9":"instock","10":"shipping-taxable","11":"purchasable","12":"product-type-simple"},"jetpack_sharing_enabled":true,"_links":{"self":[{"href":"https:\/\/phongtranks205.id.vn\/index.php?rest_route=\/wp\/v2\/product\/76","targetHints":{"allow":["GET"]}}],"collection":[{"href":"https:\/\/phongtranks205.id.vn\/index.php?rest_route=\/wp\/v2\/product"}],"about":[{"href":"https:\/\/phongtranks205.id.vn\/index.php?rest_route=\/wp\/v2\/types\/product"}],"replies":[{"embeddable":true,"href":"https:\/\/phongtranks205.id.vn\/index.php?rest_route=%2Fwp%2Fv2%2Fcomments&post=76"}],"wp:featuredmedia":[{"embeddable":true,"href":"https:\/\/phongtranks205.id.vn\/index.php?rest_route=\/wp\/v2\/media\/78"}],"wp:attachment":[{"href":"https:\/\/phongtranks205.id.vn\/index.php?rest_route=%2Fwp%2Fv2%2Fmedia&parent=76"}],"wp:term":[{"taxonomy":"product_brand","embeddable":true,"href":"https:\/\/phongtranks205.id.vn\/index.php?rest_route=%2Fwp%2Fv2%2Fproduct_brand&post=76"},{"taxonomy":"product_cat","embeddable":true,"href":"https:\/\/phongtranks205.id.vn\/index.php?rest_route=%2Fwp%2Fv2%2Fproduct_cat&post=76"},{"taxonomy":"product_tag","embeddable":true,"href":"https:\/\/phongtranks205.id.vn\/index.php?rest_route=%2Fwp%2Fv2%2Fproduct_tag&post=76"}],"curies":[{"name":"wp","href":"https:\/\/api.w.org\/{rel}","templated":true}]}}